{"id":1257,"date":"2015-07-22T15:39:08","date_gmt":"2015-07-22T13:39:08","guid":{"rendered":"http:\/\/www.cenest.net\/?page_id=1257"},"modified":"2024-09-18T15:36:49","modified_gmt":"2024-09-18T13:36:49","slug":"awsradio","status":"publish","type":"page","link":"https:\/\/www.cenest.net\/?page_id=1257","title":{"rendered":"AWS Radio : ma webradio mondiale de toute la plan\u00e8te"},"content":{"rendered":"<p>Ce n&rsquo;est Point Net c&rsquo;est aussi une webradio. Mais plus nette.<\/p>\n<p>Vous en avez marre d&rsquo;entendre toujours les m\u00eames hits sur la FM? Vous aimeriez \u00e9couter autre chose mais vous voulez que cela reste du hit?<br \/>\nComme moi, vous commencez \u00e0 surveiller vos rides et approchez lentement mais (h\u00e9las) s\u00fbrement de la quarantaine (40aine hein, pas la mise \u00e0 l&rsquo;\u00e9cart! (quoi que\u2026)) et aimez donc les ann\u00e9es 90?<\/p>\n<p>AWS Radio est la radio qu&rsquo;il vous faut absolument!<\/p>\n<p>AWS Radio c&rsquo;est une radio qui diffuse principalement\u00b9 du hit. Mais de partout dans le monde!<br \/>\nSur AWS Radio, vous pouvez entendre les hits que vous entendez en FM (pour ne pas trop \u00eatre d\u00e9pays\u00e9 quand m\u00eame) mais aussi les hits de partout ailleurs dans le monde. Quelle que soit la langue.<br \/>\nAinsi, vous pouvez d\u00e9couvrir des chansons en fran\u00e7ais et en anglais mais aussi en danois, en espagnol, en russe, en japonais, en innu (si si, \u00e7a existe) et plein d&rsquo;autres encore.<\/p>\n<p>Et puisque vous commencez aussi \u00e0 compter les rides, les vieux trucs des ann\u00e9es 90 viennent \u00e9gayer tout \u00e7a.<\/p>\n<p>Cliquez sans plus attendre une seule seconde sur le logo ci-dessous et vous serez exp\u00e9di\u00e9s partout dans le monde sans bouger de votre chaise.<\/p>\n<p>&nbsp;<\/p>\n<p><center><a href=\"http:\/\/www.awsradio.com\"><img loading=\"lazy\" decoding=\"async\" class=\"aligncenter size-medium wp-image-3401\" src=\"http:\/\/www.cenest.net\/wp-content\/uploads\/2024\/09\/logo-aws-2018-cropped-400x400-white-300x300.jpg\" alt=\"AWS Radio\" width=\"300\" height=\"300\" srcset=\"https:\/\/www.cenest.net\/wp-content\/uploads\/2024\/09\/logo-aws-2018-cropped-400x400-white-300x300.jpg 300w, https:\/\/www.cenest.net\/wp-content\/uploads\/2024\/09\/logo-aws-2018-cropped-400x400-white-150x150.jpg 150w, https:\/\/www.cenest.net\/wp-content\/uploads\/2024\/09\/logo-aws-2018-cropped-400x400-white-370x370.jpg 370w, https:\/\/www.cenest.net\/wp-content\/uploads\/2024\/09\/logo-aws-2018-cropped-400x400-white.jpg 400w\" sizes=\"auto, (max-width: 300px) 100vw, 300px\" \/><\/a><\/center><\/p>\n<div class=\"radionomy-player\"><\/div>\n<p>\u00b9 Ca veut dire que parfois c&rsquo;est pas du hit mais que j&rsquo;aime bien. C&rsquo;est quand m\u00eame ma webradio, j&rsquo;y mets ce que je veux!<br \/>\nAttention que parfois c&rsquo;est tr\u00e8s kitsch ^^<\/p>\n<p>&nbsp;<\/p>\n","protected":false},"excerpt":{"rendered":"<p>Ce n&rsquo;est Point Net c&rsquo;est aussi une webradio. Mais plus nette. Vous en avez marre d&rsquo;entendre toujours les m\u00eames hits sur la FM? Vous aimeriez \u00e9couter autre chose mais vous voulez que cela reste du[&#8230;]<\/p>\n","protected":false},"author":1,"featured_media":0,"parent":0,"menu_order":0,"comment_status":"closed","ping_status":"closed","template":"","meta":{"footnotes":""},"class_list":["post-1257","page","type-page","status-publish","hentry"],"jetpack_sharing_enabled":true,"_links":{"self":[{"href":"https:\/\/www.cenest.net\/index.php?rest_route=\/wp\/v2\/pages\/1257","targetHints":{"allow":["GET"]}}],"collection":[{"href":"https:\/\/www.cenest.net\/index.php?rest_route=\/wp\/v2\/pages"}],"about":[{"href":"https:\/\/www.cenest.net\/index.php?rest_route=\/wp\/v2\/types\/page"}],"author":[{"embeddable":true,"href":"https:\/\/www.cenest.net\/index.php?rest_route=\/wp\/v2\/users\/1"}],"replies":[{"embeddable":true,"href":"https:\/\/www.cenest.net\/index.php?rest_route=%2Fwp%2Fv2%2Fcomments&post=1257"}],"version-history":[{"count":1,"href":"https:\/\/www.cenest.net\/index.php?rest_route=\/wp\/v2\/pages\/1257\/revisions"}],"predecessor-version":[{"id":3402,"href":"https:\/\/www.cenest.net\/index.php?rest_route=\/wp\/v2\/pages\/1257\/revisions\/3402"}],"wp:attachment":[{"href":"https:\/\/www.cenest.net\/index.php?rest_route=%2Fwp%2Fv2%2Fmedia&parent=1257"}],"curies":[{"name":"wp","href":"https:\/\/api.w.org\/{rel}","templated":true}]}}