{"id":3387,"date":"2010-12-12T17:16:47","date_gmt":"2010-12-12T17:16:47","guid":{"rendered":"http:\/\/www.cenest.net\/?page_id=2"},"modified":"2010-12-12T17:16:47","modified_gmt":"2010-12-12T17:16:47","slug":"a-propos","status":"publish","type":"page","link":"https:\/\/www.cenest.net\/?page_id=3387","title":{"rendered":"\u00c0 propos"},"content":{"rendered":"<p style=\"text-align: justify;\">Ce N&rsquo;est Point Net est un blog comme il en existe tant d&rsquo;autres.<\/p>\n<p style=\"text-align: justify;\">L&rsquo;actualit\u00e9 regorge d&rsquo;informations o\u00f9 on se demande si le monde tourne encore dans le bon sens.\u00a0 Enfin, c&rsquo;est une expression&#8230; Je crois que si la Terre avait d\u00e9cid\u00e9 de tourner dans l&rsquo;autre sens, on s&rsquo;en serait rendu compte!<\/p>\n<p style=\"text-align: justify;\">Vous savez, ce sont ces petites choses qui nous font dire, apr\u00e8s lecture, \u00ab\u00a0Nan mais c&rsquo;est une blague ?!\u00a0\u00bb.<\/p>\n<p style=\"text-align: justify;\">Ce sont ces petites choses que j&rsquo;aimerais mettre sur ce blog, afin de donner mon avis, oh combien intellectuel, sur la question \ud83d\ude42<\/p>\n<p style=\"text-align: justify;\">Histoire de ne pas toujours faire dans le pessimisme, je vais int\u00e9grer aussi des petites choses sympathiques glan\u00e9es ici et l\u00e0 (mais pas l\u00e0-bas par contre \u00e0 droite apr\u00e8s ici c&rsquo;est bon aussi).<\/p>\n<p style=\"text-align: justify;\">Une chose est s\u00fbre, si vous esp\u00e9riez trouver ici un nouveau mur des lamentations \u00e0 la kikoolol, c&rsquo;est rat\u00e9 \ud83d\ude42<\/p>\n<p style=\"text-align: justify;\">J&rsquo;attire toutefois votre attention sur le fait que je ne suis pas journaliste professionnelle. Ce blog n&rsquo;a pas la pr\u00e9tention d&rsquo;\u00eatre un site d&rsquo;information \u00e9tant donn\u00e9 que je donne mon avis sur chaque sujet. C&rsquo;est mon avis \u00e0 moi, qui n&rsquo;engage que moi. N&rsquo;ayant pas la science infuse, je peux me tromper. Mon avis n&rsquo;est peut-\u00eatre pas le bon et il ne faut pas prendre pour argent comptant mon avis!<br \/>\nPar contre, les informations sont g\u00e9n\u00e9ralement v\u00e9rifi\u00e9es avant d&rsquo;\u00eatre publi\u00e9es (je cherche si l&rsquo;information se trouve \u00e0 diff\u00e9rents endroits et de sources (relativement) s\u00fbres).<br \/>\nSi vous rep\u00e9rez une erreur ou si vous voulez \u00e9galement donner votre avis, il est g\u00e9n\u00e9ralement possible de commenter un article et m\u00eame de me contacter en priv\u00e9.<\/p>\n<p>&nbsp;<\/p>\n","protected":false},"excerpt":{"rendered":"<p>Ce N&rsquo;est Point Net est un blog comme il en existe tant d&rsquo;autres. L&rsquo;actualit\u00e9 regorge d&rsquo;informations o\u00f9 on se demande si le monde tourne encore dans le bon sens.\u00a0 Enfin, c&rsquo;est une expression&#8230; Je crois[&#8230;]<\/p>\n","protected":false},"author":1,"featured_media":0,"parent":0,"menu_order":0,"comment_status":"closed","ping_status":"closed","template":"","meta":{"footnotes":""},"class_list":["post-3387","page","type-page","status-publish","hentry"],"jetpack_sharing_enabled":true,"_links":{"self":[{"href":"https:\/\/www.cenest.net\/index.php?rest_route=\/wp\/v2\/pages\/3387","targetHints":{"allow":["GET"]}}],"collection":[{"href":"https:\/\/www.cenest.net\/index.php?rest_route=\/wp\/v2\/pages"}],"about":[{"href":"https:\/\/www.cenest.net\/index.php?rest_route=\/wp\/v2\/types\/page"}],"author":[{"embeddable":true,"href":"https:\/\/www.cenest.net\/index.php?rest_route=\/wp\/v2\/users\/1"}],"replies":[{"embeddable":true,"href":"https:\/\/www.cenest.net\/index.php?rest_route=%2Fwp%2Fv2%2Fcomments&post=3387"}],"version-history":[{"count":0,"href":"https:\/\/www.cenest.net\/index.php?rest_route=\/wp\/v2\/pages\/3387\/revisions"}],"wp:attachment":[{"href":"https:\/\/www.cenest.net\/index.php?rest_route=%2Fwp%2Fv2%2Fmedia&parent=3387"}],"curies":[{"name":"wp","href":"https:\/\/api.w.org\/{rel}","templated":true}]}}