{"id":533,"date":"2013-05-21T23:18:17","date_gmt":"2013-05-21T21:18:17","guid":{"rendered":"http:\/\/www.cenest.net\/?page_id=533"},"modified":"2013-05-21T23:18:17","modified_gmt":"2013-05-21T21:18:17","slug":"twitter-ou-facebook","status":"publish","type":"page","link":"https:\/\/www.cenest.net\/?page_id=533","title":{"rendered":"Mes r\u00e9seaux (a)sociaux"},"content":{"rendered":"<p>Je n&rsquo;ai malheureusement pas le temps de vous concocter des billets sur tous les articles que je lis sur internet ou ailleurs.<\/p>\n<p>Heureusement, d&rsquo;autres personnes \u00e9crivent \u00e9galement des choses int\u00e9ressantes, \u00e9tonnantes ou loufoques. \u00a0Pour les d\u00e9couvrir, suivez-moi sur les r\u00e9seaux sociaux!<\/p>\n<p>Actuellement, j&rsquo;en utilise principalement deux : <a title=\"Facebook\" href=\"http:\/\/www.facebook.com\/cenestpointnet\" target=\"_blank\" rel=\"noopener\">Facebook<\/a> et <a title=\"Twitter\" href=\"http:\/\/twitter.com\/sarah_2_0\" target=\"_blank\" rel=\"noopener\">Twitter<\/a>.<\/p>\n<p>&nbsp;<\/p>\n<p><a href=\"http:\/\/www.facebook.com\/cenestpointnet\"><img loading=\"lazy\" decoding=\"async\" class=\"alignleft size-full wp-image-541\" alt=\"Facebook\" src=\"http:\/\/www.cenest.net\/wp-content\/uploads\/2013\/05\/logofb.jpg\" width=\"100\" height=\"100\" \/><\/a><a title=\"Sur Facebook\" href=\"http:\/\/www.facebook.com\/cenestpointnet\" target=\"_blank\" rel=\"noopener\">Sur Facebook<\/a>, je poste principalement des liens vers des articles sur internet, que ce soit de la presse officielle ou de blogueurs talentueux (ou pas).<br \/>\nJe n&rsquo;y \u00e9cris presque rien sur moi. Bref, c&rsquo;est le r\u00e9seau que vous devez choisir si il n&rsquo;y a que l&rsquo;information qui vous int\u00e9resse.<br \/>\nLa page est r\u00e9cente donc ne contient que peu d&rsquo;archives.<\/p>\n<p>&nbsp;<\/p>\n<p>&nbsp;<\/p>\n<p><a href=\"http:\/\/twitter.com\/sarah_2_0\"><img loading=\"lazy\" decoding=\"async\" class=\"alignleft size-full wp-image-543\" alt=\"Twitter\" src=\"http:\/\/www.cenest.net\/wp-content\/uploads\/2013\/05\/twit.png\" width=\"100\" height=\"100\" \/><\/a><a title=\"Sur Twitter\" href=\"http:\/\/twitter.com\/sarah_2_0\" target=\"_blank\" rel=\"noopener\">Sur Twitter<\/a>, j&rsquo;\u00e9cris tout ce qui me passe sous le clavier. A la base, c&rsquo;est mon compte personnel o\u00f9 je crache mon venin sur tout ce qui bouge, o\u00f9 je passe mes nerfs, o\u00f9 je r\u00e2le pour rien voire m\u00eame o\u00f9 je pleure pour rien.<br \/>\nVous d\u00e9couvrirez les photos de mes pr\u00e9parations culinaires, le suivi de ma petite sant\u00e9 ou encore les LT super m\u00e9ga int\u00e9ressants comme celui de l&rsquo;Eurovision \ud83d\ude42<br \/>\nMais c&rsquo;est aussi l&rsquo;endroit o\u00f9 je tweete tout ce que je trouve d&rsquo;int\u00e9ressant, que ce soit de l&rsquo;actualit\u00e9 ou pas. \u00a0Sans oublier les retweets.<br \/>\nA suivre donc si vous voulez en savoir plus sur moi ou papoter.<\/p>\n<p>&nbsp;<\/p>\n","protected":false},"excerpt":{"rendered":"<p>Je n&rsquo;ai malheureusement pas le temps de vous concocter des billets sur tous les articles que je lis sur internet ou ailleurs. Heureusement, d&rsquo;autres personnes \u00e9crivent \u00e9galement des choses int\u00e9ressantes, \u00e9tonnantes ou loufoques. \u00a0Pour les[&#8230;]<\/p>\n","protected":false},"author":1,"featured_media":0,"parent":0,"menu_order":0,"comment_status":"closed","ping_status":"closed","template":"","meta":{"footnotes":""},"class_list":["post-533","page","type-page","status-publish","hentry"],"jetpack_sharing_enabled":true,"_links":{"self":[{"href":"https:\/\/www.cenest.net\/index.php?rest_route=\/wp\/v2\/pages\/533","targetHints":{"allow":["GET"]}}],"collection":[{"href":"https:\/\/www.cenest.net\/index.php?rest_route=\/wp\/v2\/pages"}],"about":[{"href":"https:\/\/www.cenest.net\/index.php?rest_route=\/wp\/v2\/types\/page"}],"author":[{"embeddable":true,"href":"https:\/\/www.cenest.net\/index.php?rest_route=\/wp\/v2\/users\/1"}],"replies":[{"embeddable":true,"href":"https:\/\/www.cenest.net\/index.php?rest_route=%2Fwp%2Fv2%2Fcomments&post=533"}],"version-history":[{"count":0,"href":"https:\/\/www.cenest.net\/index.php?rest_route=\/wp\/v2\/pages\/533\/revisions"}],"wp:attachment":[{"href":"https:\/\/www.cenest.net\/index.php?rest_route=%2Fwp%2Fv2%2Fmedia&parent=533"}],"curies":[{"name":"wp","href":"https:\/\/api.w.org\/{rel}","templated":true}]}}